{"id":991,"date":"2013-07-01T03:04:51","date_gmt":"2013-07-01T01:04:51","guid":{"rendered":"https:\/?page_id=991"},"modified":"2022-11-09T11:13:03","modified_gmt":"2022-11-09T10:13:03","slug":"nous-contacter","status":"publish","type":"page","link":"https:\/\/heroshock.com\/?page_id=991","title":{"rendered":"STAFF"},"content":{"rendered":"<p style=\"text-align: center;\"><strong>TEAM HEROSHOCK<\/strong><\/p>\n<p style=\"text-align: center;\">DocSakura<br \/>\n(Fondatrice, Chroniqueuse, Traductrice, Conciliatrice, Sc\u00e9nariste, Uploadeur, Metteuse en sc\u00e8ne, membre d&rsquo;HeroShock TV)<\/p>\n<p style=\"text-align: center;\">Leonize<br \/>\n(Web-master, Conciliateur, Infographiste, Monteur, Truquiste, Encodeur, Uploadeur, Chroniqueur, Dessinateur)<\/p>\n<p style=\"text-align: center;\">Kai<br \/>\n(R\u00e9dacteur en chef, Traducteur, Conciliateur, Chroniqueur, Monteur, Uploadeur, Pr\u00e9sentateur sur HeroShock TV)<\/p>\n<p style=\"text-align: center;\">Dragon<br \/>\n(Monteur, Conciliateur, Uploadeur, Pr\u00e9sentateur sur HeroShock TV)<\/p>\n<p style=\"text-align: center;\">Jawagg<br \/>\n(Journaliste sur HeroShock TV, Chroniqueur, Conseiller juridique &amp; Conciliateur)<\/p>\n<p style=\"text-align: center;\">Kenshin<br \/>\n(Traducteur, Conciliateur, Chroniqueur)<\/p>\n<p style=\"text-align: center;\">Laurent O<br \/>\n(Community Manager Facebook, Chroniqueur)<\/p>\n<p style=\"text-align: center;\">Kenji<br \/>\n(Infographiste)<\/p>\n<p style=\"text-align: center;\">X-Verine<br \/>\n(Chroniqueur)<\/p>\n<p style=\"text-align: center;\">Tommy<br \/>\n(Community Manager Facebook)<\/p>\n","protected":false},"excerpt":{"rendered":"<p class=\"text-justify mb-2\">TEAM HEROSHOCK DocSakura (Fondatrice, Chroniqueuse, Traductrice, Conciliatrice, Sc\u00e9nariste, Uploadeur, Metteuse en sc\u00e8ne, membre d&rsquo;HeroShock TV) Leonize (Web-master, Conciliateur, Infographiste, Monteur, Truquiste, Encodeur, Uploadeur, Chroniqueur, Dessinateur) Kai (R\u00e9dacteur en chef, Traducteur, Conciliateur, Chroniqueur, Monteur, Uploadeur, Pr\u00e9sentateur sur HeroShock TV) Dragon (Monteur, Conciliateur, Uploadeur, Pr\u00e9sentateur sur HeroShock [&hellip;]<\/p>\n","protected":false},"author":2,"featured_media":0,"parent":0,"menu_order":0,"comment_status":"closed","ping_status":"open","template":"","meta":{"_crdt_document":"","_monsterinsights_skip_tracking":false,"_monsterinsights_sitenote_active":false,"_monsterinsights_sitenote_note":"","_monsterinsights_sitenote_category":0,"jetpack_post_was_ever_published":false,"footnotes":""},"class_list":["post-991","page","type-page","status-publish","hentry"],"aioseo_notices":[],"jetpack_sharing_enabled":true,"jetpack_likes_enabled":true,"amp_enabled":true,"_links":{"self":[{"href":"https:\/\/heroshock.com\/index.php?rest_route=\/wp\/v2\/pages\/991","targetHints":{"allow":["GET"]}}],"collection":[{"href":"https:\/\/heroshock.com\/index.php?rest_route=\/wp\/v2\/pages"}],"about":[{"href":"https:\/\/heroshock.com\/index.php?rest_route=\/wp\/v2\/types\/page"}],"author":[{"embeddable":true,"href":"https:\/\/heroshock.com\/index.php?rest_route=\/wp\/v2\/users\/2"}],"replies":[{"embeddable":true,"href":"https:\/\/heroshock.com\/index.php?rest_route=%2Fwp%2Fv2%2Fcomments&post=991"}],"version-history":[{"count":57,"href":"https:\/\/heroshock.com\/index.php?rest_route=\/wp\/v2\/pages\/991\/revisions"}],"predecessor-version":[{"id":62191,"href":"https:\/\/heroshock.com\/index.php?rest_route=\/wp\/v2\/pages\/991\/revisions\/62191"}],"wp:attachment":[{"href":"https:\/\/heroshock.com\/index.php?rest_route=%2Fwp%2Fv2%2Fmedia&parent=991"}],"curies":[{"name":"wp","href":"https:\/\/api.w.org\/{rel}","templated":true}]}}